{"id":3,"date":"2019-01-15T16:49:17","date_gmt":"2019-01-15T16:49:17","guid":{"rendered":"http:\/\/bodysmile.de\/wordpress\/?page_id=3"},"modified":"2019-01-17T20:01:06","modified_gmt":"2019-01-17T20:01:06","slug":"datenschutz","status":"publish","type":"page","link":"https:\/\/bodysmile.de\/index.php\/datenschutz\/","title":{"rendered":"Datenschutzerkl\u00e4rung"},"content":{"rendered":"<div class=\"wpb-content-wrapper\"><p>[vc_row bg_type=&#8220;image&#8220; parallax_style=&#8220;vcpb-vz-jquery&#8220; bg_image_new=&#8220;id^83|url^http:\/\/bodysmile.de\/wordpress\/wp-content\/uploads\/2019\/01\/buddha.jpg|caption^null|alt^null|title^buddha|description^null&#8220; parallax_sense=&#8220;30&#8243; bg_override=&#8220;full&#8220; disable_on_mobile_img_parallax=&#8220;disable_on_mobile_img_parallax_value&#8220;][vc_column][vc_column_text]<\/p>\r\n<h1 style=\"text-align: center;\">Datenschutzerkl\u00e4rung<\/h1>\r\n<p>[\/vc_column_text][vc_column_text]<\/p>\r\n<p>Mit dieser Datenschutzerkl\u00e4rung m\u00f6chten wir Sie dar\u00fcber informieren, wie wir personenbezogene Daten verarbeiten. Wir sind uns bewusst, welche Bedeutung die Verarbeitung personenbezogener Daten f\u00fcr den betroffenen Nutzer hat und beachten dementsprechend alle einschl\u00e4gigen gesetzlichen Vorgaben. Dabei ist der Schutz Ihrer Privatsph\u00e4re f\u00fcr uns von h\u00f6chster Bedeutung. Deshalb ist das Einhalten der gesetzlichen Bestimmungen zum Datenschutz f\u00fcr uns selbstverst\u00e4ndlich.<\/p>\r\n<p>\r\n\r\n<strong>Kontakt<\/strong><br \/>Christian Dieditz \u2013 BodySmile, Norderheide 16a, 25999 Kampen, Deutschland, <a href=\"mailto:info@bodysmile.de\">info@bodysmile.de<\/a><\/p>\r\n<p>\r\n\r\nAufgrund unserer Betriebsgr\u00f6\u00dfe sind wir nicht verpflichtet, einen Datenschutzbeauftragten zu bestellen.<\/p>\r\n<p>\r\n\r\n<strong>Erhobene Daten<\/strong><br \/>Wir erheben und verarbeiten die folgenden personenbezogenen Daten \u00fcber Sie:<br \/>\u2013 Kontaktinformationen<br \/>\u2013 Zahlungsinformationen<br \/>\u2013 Online-Identifikatoren<\/p>\r\n<p>\r\n\r\n<strong>Zweck<\/strong><br \/>Wir verarbeiten Ihre Daten zu den folgenden Zwecken:<br \/>\u2013 Vertragsabwicklung<br \/>\u2013 Werbung<br \/>\u2013 Qualit\u00e4tssicherung<br \/>\u2013 Statistik<\/p>\r\n<p>\r\n\r\n<strong>Rechtsgrundlage<\/strong><br \/>Die Verarbeitung Ihrer Daten geschieht auf der folgenden Rechtsgrundlage:<br \/>\u2013 Ihre Einwilligung, Art. 6 Abs. 1 lit. a) DSGVO<br \/>\u2013 zur Durchf\u00fchrung eines Vertrags mit Ihnen und zur Erf\u00fcllung gesetzlicher Pflichten, Art. 6 Abs. 1 lit. b) DSGVO<br \/>\u2013 berechtigte Interessen, Art. 6 Abs. 1 lit. f) DSGVO (siehe unten)<\/p>\r\n<p>\r\n\r\n<strong>Berechtigte Interessen<\/strong><br \/>Bei der Verarbeitung Ihrer Daten verfolgen wir die folgenden berechtigten Interessen:<br \/>\u2013 Verbesserung unseres Angebots<br \/>\u2013 Schutz vor Missbrauch<br \/>\u2013 Statistik<\/p>\r\n<p>\r\n\r\n<strong>Datenempf\u00e4nger<\/strong><br \/>Bei der Verarbeitung Ihrer Daten arbeiten wir mit den folgenden Dienstleistern zusammen, die Zugriff auf Ihre Daten haben:<br \/>\u2013 Webhosting-Anbieter<br \/>\u2013 Anbieter von Social-Media-Plattformen<br \/>\u2013 Zahlungs- und Versanddienstleister<\/p>\r\n<p>\r\n\r\n<strong>Datenquellen<\/strong><br \/>Wir erhalten die Daten von Ihnen (einschlie\u00dflich \u00fcber die von Ihnen verwendeten Ger\u00e4te).<\/p>\r\n<p>\r\n\r\n<strong>Speicherdauer<\/strong><br \/>Wir speichern Ihre Daten,<br \/>\u2013 wenn Sie in die Verarbeitung eingewilligt haben h\u00f6chstens solange, bis Sie Ihre Einwilligung widerrufen,<br \/>\u2013 wenn wir die Daten zur Durchf\u00fchrung eines Vertrags oder zur Erf\u00fcllung gesetzlicher Pflichten ben\u00f6tigen h\u00f6chstens solange, wie das Vertragsverh\u00e4ltnis mit Ihnen besteht oder gesetzliche Aufbewahrungsfristen laufen,<br \/>\u2013 wenn wir die Daten auf der Grundlage eines berechtigten Interesses verwenden h\u00f6chstens solange, wie Ihr Interesse an einer L\u00f6schung oder Anonymisierung nicht \u00fcberwiegt.<\/p>\r\n<p>\r\n\r\n<strong>Rechte des Betroffenen<\/strong><br \/>Sie haben \u2013 teilweise unter bestimmten Voraussetzungen \u2013 das Recht,<br \/>\u2013 Auskunft \u00fcber die Verarbeitung Ihrer Daten zu verlangen,<br \/>\u2013 Ihre Daten zu berichtigen,\u2028\u2013 Ihre Daten l\u00f6schen oder sperren zu lassen,<br \/>\u2013 die Verarbeitung einschr\u00e4nken zu lassen,\u2028\u2013 der Verarbeitung Ihrer Daten zu widersprechen,<br \/>\u2013 Ihre Daten in einem \u00fcbertragbaren Format zu erhalten und einem Dritten zu \u00fcbermitteln,<br \/>\u2013 Ihre Einwilligung zur Verarbeitung Ihrer Daten f\u00fcr die Zukunft zu widerrufen und<br \/>\u2013 sich bei der zust\u00e4ndigen Aufsichtsbeh\u00f6rde \u00fcber eine unzul\u00e4ssige Datenverarbeitung zu beschweren.<\/p>\r\n<p>\r\n\r\n<strong>Erfordernis oder Verpflichtung zur Bereitstellung von Daten<\/strong><br \/>Soweit dies bei der Erhebung nicht ausdr\u00fccklich angegeben ist, ist die Bereitstellung von Daten nicht erforderlich oder verpflichtend.<\/p>\r\n<p>\r\n\r\n<strong>Server-Log-Files<\/strong><br \/>Der Provider der Internetseiten erhebt und speichert automatisch Informationen in so genannten Server-Log Files, die Ihr Browser automatisch an uns \u00fcbermittelt. Dies sind:<\/p>\r\n<p>\r\n\r\n\u2022 Browsertyp und Browserversion<br \/>\u2022 verwendetes Betriebssystem<br \/>\u2022 Referrer URL<br \/>\u2022 Hostname des zugreifenden Rechners<br \/>\u2022 Uhrzeit der Serveranfrage<\/p>\r\n<p>\r\n\r\nDiese Daten sind nicht bestimmten Personen zuordenbar. Eine Zusammenf\u00fchrung dieser Daten mit anderen Datenquellen wird nicht vorgenommen. Wir behalten uns vor, diese Daten nachtr\u00e4glich zu pr\u00fcfen, wenn uns konkrete Anhaltspunkte f\u00fcr eine rechtswidrige Nutzung bekannt werden.<\/p>\r\n<p>\r\n\r\n<strong>Cookies<\/strong><br \/>Die Internetseiten verwenden teilweise so genannte Cookies. Cookies richten auf Ihrem Rechner keinen Schaden an und enthalten keine Viren. Cookies dienen dazu, unser Angebot nutzerfreundlicher, effektiver und sicherer zu machen. Cookies sind kleine Textdateien, die auf Ihrem Rechner abgelegt werden und die Ihr Browser speichert.<br \/>Die meisten der von uns verwendeten Cookies sind so genannte \u201eSession-Cookies\u201c. Sie werden nach Ende Ihres Besuchs automatisch gel\u00f6scht. Andere Cookies bleiben auf Ihrem Endger\u00e4t gespeichert, bis Sie diese l\u00f6schen. Diese Cookies erm\u00f6glichen es uns, Ihren Browser beim n\u00e4chsten Besuch wiederzuerkennen.<br \/>Sie k\u00f6nnen Ihren Browser so einstellen, dass Sie u\u0308ber das Setzen von Cookies informiert werden und Cookies nur im Einzelfall erlauben, die Annahme von Cookies fu\u0308r bestimmte F\u00e4lle oder generell ausschlie\u00dfen sowie das automatische L\u00f6schen der Cookies beim Schlie\u00dfen des Browser aktivieren. Bei der Deaktivierung von Cookies kann die Funktionalit\u00e4t dieser Website eingeschr\u00e4nkt sein.<\/p>\r\n<p>\r\n\r\n<strong>Google Web Fonts<\/strong><br \/>Diese Seite nutzt zur einheitlichen Darstellung von Schriftarten so genannte Web Fonts, die von Google bereitgestellt werden. Beim Aufruf einer Seite l\u00e4dt Ihr Browser die ben\u00f6tigten Web Fonts in ihren Browsercache, um Texte und Schriftarten korrekt anzuzeigen.<br \/>Zu diesem Zweck muss der von Ihnen verwendete Browser Verbindung zu den Servern von Google aufnehmen. Hierdurch erlangt Google Kenntnis dar\u00fcber, dass \u00fcber Ihre IP-Adresse unsere Website aufgerufen wurde. Die Nutzung von Google Web Fonts erfolgt im Interesse einer einheitlichen und ansprechenden Darstellung unserer Online-Angebote. Dies stellt ein berechtigtes Interesse im Sinne von Art. 6 Abs. 1 lit. f DSGVO dar.<br \/>Wenn Ihr Browser Web Fonts nicht unterst\u00fctzt, wird eine Standardschrift von Ihrem Computer genutzt.<br \/>Weitere Informationen zu Google Web Fonts finden Sie unter <a href=\"https:\/\/developers.google.com\/fonts\/faq\" target=\"_blank\" rel=\"noopener\">https:\/\/developers.google.com\/fonts\/faq<\/a> und in der Datenschutzerkl\u00e4rung von Google: <a href=\"https:\/\/www.google.com\/policies\/privacy\/\" target=\"_blank\" rel=\"noopener\">https:\/\/www.google.com\/policies\/privacy\/<\/a>.<\/p>\r\n<p><strong>Google Maps<\/strong><br \/>Diese Website benutzt Google Maps zur Darstellung eines Anfahrt-Plans. Google Maps wird von Google Inc., 1600 Amphitheatre Parkway, Mountain View, CA 94043, USA betrieben. Durch die Nutzung dieser Website erkl\u00e4ren Sie sich mit der Erfassung, Bearbeitung sowie der Nutzung der automatisch erhobenen sowie der von Ihnen eingegeben Daten durch Google, einer seiner Vertreter, oder Drittanbieter einverstanden.<br \/>Die Nutzungsbedingungen f\u00fcr Google Maps finden Sie unter: <a href=\"http:\/\/www.google.com\/intl\/de_de\/help\/terms_maps.html\" target=\"_blank\" rel=\"noopener\">http:\/\/www.google.com\/intl\/de_de\/help\/terms_maps.html<\/a>. Ausf\u00fchrliche Details finden Sie im Datenschutz-Center von google.de:\u00a0 <a href=\"https:\/\/www.google.de\/intl\/de\/privacy\/privacy-policy.html\" target=\"_blank\" rel=\"noopener\">https:\/\/www.google.de\/intl\/de\/privacy\/privacy-policy.html<\/a>.<\/p>\r\n<p>\r\n\r\n<strong>Weiterleitung auf andere Websites<\/strong><br \/>Unsere Website enth\u00e4lt Links auf andere Websites. Durch das Anklicken des Links kann es zu einer Verarbeitung der Referrer Information kommen. Der Webserver der verlinkten Website enth\u00e4lt mithin die URL unserer Website. Diese Verarbeitung erfolgt zu dem Zweck, die Internetnutzung f\u00fcr Sie zu optimieren und damit auf Grundlage von Art. 6 Abs. 1 S. 1 lit. f DS-GVO. F\u00fcr den Datenschutz der verlinkten Websites haften wir nicht. Hierf\u00fcr ist der jeweilige Betreiber verantwortlich.<\/p>\r\n<p>\r\n\r\n<strong>Daten\u00fcbermittlung an Drittl\u00e4nder<\/strong><br \/>Eine \u00dcbermittlung der von Ihnen mitgeteilten personenbezogenen Daten an ein Drittland au\u00dferhalb der EU ist nicht beabsichtigt. Im Rahmen der unter \u201eGoogle Web Fonts\u201c,\u00a0\u201eGoogle Maps\u201c und \u201eWeiterleitung auf andere Websites\u201c beschriebenen Funktion erfolgt jedoch eine Verarbeitung von Daten auf den Servern der weitergeleiteten Website.<\/p>\r\n<p>\r\n\r\n<strong>SSL-Verschl\u00fcsselung<\/strong><br \/>Diese Seite nutzt aus Gr\u00fcnden der Sicherheit und zum Schutz der \u00dcbertragung vertraulicher Inhalte, wie zum Beispiel der Anfragen, die Sie an uns als Seitenbetreiber senden, eine SSL-Verschl\u00fcsselung. Eine verschl\u00fcsselte Verbindung erkennen Sie daran, dass die Adresszeile des Browsers von \u201ehttp:\/\/\u201c auf \u201ehttps:\/\/\u201c wechselt und an dem Schloss-Symbol in Ihrer Browserzeile.<br \/>Wenn die SSL Verschl\u00fcsselung aktiviert ist, k\u00f6nnen die Daten, die Sie an uns \u00fcbermitteln, nicht von Dritten mitgelesen werden.<\/p>\r\n<p>\r\n\r\n<strong>Stand dieser Datenschutzerkl\u00e4rung<\/strong><br \/>Mai 2018<\/p>\r\n<p>\r\n\r\nWir behalten uns vor, diese Datenschutzerkl\u00e4rung jederzeit mit Wirkung f\u00fcr die Zukunft zu \u00e4ndern.<\/p>\r\n\r\n<p>[\/vc_column_text][\/vc_column][\/vc_row]<\/p><\/div>","protected":false},"excerpt":{"rendered":"<p>[vc_row bg_type=&#8220;image&#8220; parallax_style=&#8220;vcpb-vz-jquery&#8220; bg_image_new=&#8220;id^83|url^http:\/\/bodysmile.de\/wordpress\/wp-content\/uploads\/2019\/01\/buddha.jpg|caption^null|alt^null|title^buddha|description^null&#8220; parallax_sense=&#8220;30&#8243; bg_override=&#8220;full&#8220; disable_on_mobile_img_parallax=&#8220;disable_on_mobile_img_parallax_value&#8220;][vc_column][vc_column_text] Datenschutzerkl\u00e4rung [\/vc_column_text][vc_column_text] Mit dieser Datenschutzerkl\u00e4rung m\u00f6chten wir Sie dar\u00fcber informieren, wie wir personenbezogene Daten verarbeiten. Wir sind uns bewusst, welche Bedeutung die Verarbeitung personenbezogener Daten f\u00fcr den betroffenen Nutzer hat und beachten dementsprechend alle einschl\u00e4gigen gesetzlichen Vorgaben. Dabei ist der Schutz Ihrer Privatsph\u00e4re f\u00fcr uns von h\u00f6chster Bedeutung.&hellip;<\/p>\n","protected":false},"author":1,"featured_media":0,"parent":0,"menu_order":0,"comment_status":"closed","ping_status":"open","template":"","meta":{"footnotes":""},"class_list":["post-3","page","type-page","status-publish","hentry","description-off"],"_links":{"self":[{"href":"https:\/\/bodysmile.de\/index.php\/wp-json\/wp\/v2\/pages\/3","targetHints":{"allow":["GET"]}}],"collection":[{"href":"https:\/\/bodysmile.de\/index.php\/wp-json\/wp\/v2\/pages"}],"about":[{"href":"https:\/\/bodysmile.de\/index.php\/wp-json\/wp\/v2\/types\/page"}],"author":[{"embeddable":true,"href":"https:\/\/bodysmile.de\/index.php\/wp-json\/wp\/v2\/users\/1"}],"replies":[{"embeddable":true,"href":"https:\/\/bodysmile.de\/index.php\/wp-json\/wp\/v2\/comments?post=3"}],"version-history":[{"count":6,"href":"https:\/\/bodysmile.de\/index.php\/wp-json\/wp\/v2\/pages\/3\/revisions"}],"predecessor-version":[{"id":142,"href":"https:\/\/bodysmile.de\/index.php\/wp-json\/wp\/v2\/pages\/3\/revisions\/142"}],"wp:attachment":[{"href":"https:\/\/bodysmile.de\/index.php\/wp-json\/wp\/v2\/media?parent=3"}],"curies":[{"name":"wp","href":"https:\/\/api.w.org\/{rel}","templated":true}]}}