{"id":50,"date":"2019-01-17T08:20:24","date_gmt":"2019-01-17T08:20:24","guid":{"rendered":"http:\/\/bodysmile.de\/wordpress\/?page_id=50"},"modified":"2024-10-20T07:17:51","modified_gmt":"2024-10-20T07:17:51","slug":"impressum","status":"publish","type":"page","link":"https:\/\/bodysmile.de\/index.php\/impressum\/","title":{"rendered":"Impressum"},"content":{"rendered":"<div class=\"wpb-content-wrapper\"><p>[vc_row][vc_column][vc_column_text]<\/p>\r\n<h1 style=\"text-align: center;\">Impressum<\/h1>\r\n<p>[\/vc_column_text][vc_column_text css=&#8220;&#8220;]<\/p>\r\n<p>Christian Dieditz \u2013 BodySmile<br \/>Norderheide 16a<br \/>25999 Kampen<\/p>\r\n\r\n<p>+49 151 206 77 777<br \/><a href=\"mailto:info@bodysmile.de\">info@bodysmile.de<\/a><\/p>\r\n\r\n<p><strong>Inhaltlich verantwortlich:<\/strong> Christian Dieditz<\/p>\r\n\r\n<p><strong>Webdesign \/ Gestaltung und Umsetzung:<\/strong> <a href=\"https:\/\/tiefseh.net\" target=\"_blank\" rel=\"noreferrer noopener\" aria-label=\"Webdesign \/ Gestaltung und Umsetzung: Niklas Boockhoff \/ tiefseh.net (\u00f6ffnet in neuem Tab)\">Niklas Boockhoff \/ tiefseh.net<\/a><\/p>\r\n\r\n<p><strong>Urheberrecht:<\/strong> Der Inhalt der Webseite ist urheberrechtlich gesch\u00fctzt. Alle Rechte an den Abbildungen und Texten liegen bei Christian Dieditz \u2013 BodySmile. Ver\u00f6ffentlichung, Vervielf\u00e4ltigung und Verwendung der Inhalte, auch auszugsweise, ist ohne schriftliche Zustimmung von Christian Dieditz \u2013 BodySmile untersagt.<\/p>\r\n\r\n<p><strong>Haftungsausschluss:<\/strong> Trotz sorgf\u00e4ltiger Kontrolle wird keine Haftung f\u00fcr die Inhalte externer Links \u00fcbernommen. F\u00fcr den Inhalt der verlinkten Seiten sind ausschlie\u00dflich deren Betreiber verantwortlich.<\/p>\r\n\r\n<p><strong>Zust\u00e4ndige Aufsichtsbeh\u00f6rde:\u00a0<\/strong>Kassen\u00e4rztliche Vereinigung Schleswig-Holstein, Bismarckallee 1-3, 23795 Bad Segeberg<\/p>\r\n<p><strong>Zust\u00e4ndige Kammer:\u00a0<\/strong>\u00c4rztekammer Schleswig-Holstein, Bismarckallee 8-12, 23795 Bad Segeberg<\/p>\r\n<p><strong>Berufsbezeichnung:\u00a0<\/strong>medizinischer Masseur (verliehen in der Bundesrepublik Deutschland)<\/p>\r\n<p><strong>Berufsrechtliche Regelungen:<\/strong><br \/>&#8211; Berufsordnung der Landes\u00e4rztekammer von Schleswig-Holstein vom 3 Februar 1999<br \/>&#8211; Heilberufegesetz des Landes Schleswig-Holstein vom 29 Februar 1996<\/p>\r\n\r\n<p>Die Regelungen finden sich im Gesetzblatt des Landes Schleswig-Holstein<\/p>\r\n<p>\u00a0<\/p>\r\n<p>[\/vc_column_text][\/vc_column][\/vc_row]<\/p><\/div>","protected":false},"excerpt":{"rendered":"<p>[vc_row][vc_column][vc_column_text] Impressum [\/vc_column_text][vc_column_text css=&#8220;&#8220;] Christian Dieditz \u2013 BodySmileNorderheide 16a25999 Kampen +49 151 206 77 777info@bodysmile.de Inhaltlich verantwortlich: Christian Dieditz Webdesign \/ Gestaltung und Umsetzung: Niklas Boockhoff \/ tiefseh.net Urheberrecht: Der Inhalt der Webseite ist urheberrechtlich gesch\u00fctzt. Alle Rechte an den Abbildungen und Texten liegen bei Christian Dieditz \u2013 BodySmile. Ver\u00f6ffentlichung, Vervielf\u00e4ltigung und Verwendung der Inhalte,&hellip;<\/p>\n","protected":false},"author":1,"featured_media":0,"parent":0,"menu_order":0,"comment_status":"closed","ping_status":"closed","template":"","meta":{"footnotes":""},"class_list":["post-50","page","type-page","status-publish","hentry","description-off"],"_links":{"self":[{"href":"https:\/\/bodysmile.de\/index.php\/wp-json\/wp\/v2\/pages\/50","targetHints":{"allow":["GET"]}}],"collection":[{"href":"https:\/\/bodysmile.de\/index.php\/wp-json\/wp\/v2\/pages"}],"about":[{"href":"https:\/\/bodysmile.de\/index.php\/wp-json\/wp\/v2\/types\/page"}],"author":[{"embeddable":true,"href":"https:\/\/bodysmile.de\/index.php\/wp-json\/wp\/v2\/users\/1"}],"replies":[{"embeddable":true,"href":"https:\/\/bodysmile.de\/index.php\/wp-json\/wp\/v2\/comments?post=50"}],"version-history":[{"count":9,"href":"https:\/\/bodysmile.de\/index.php\/wp-json\/wp\/v2\/pages\/50\/revisions"}],"predecessor-version":[{"id":326,"href":"https:\/\/bodysmile.de\/index.php\/wp-json\/wp\/v2\/pages\/50\/revisions\/326"}],"wp:attachment":[{"href":"https:\/\/bodysmile.de\/index.php\/wp-json\/wp\/v2\/media?parent=50"}],"curies":[{"name":"wp","href":"https:\/\/api.w.org\/{rel}","templated":true}]}}